{"id":143,"date":"2015-01-21T16:27:16","date_gmt":"2015-01-21T15:27:16","guid":{"rendered":"http:\/\/www.equilons.fr\/?page_id=143"},"modified":"2022-11-17T08:59:45","modified_gmt":"2022-11-17T07:59:45","slug":"qui-sommes-nous","status":"publish","type":"page","link":"http:\/\/www.equilons.fr\/?page_id=143","title":{"rendered":"Qui sommes nous ?"},"content":{"rendered":"<p>[et_pb_section fb_built=&#8221;1&#8243; admin_label=&#8221;section&#8221; _builder_version=&#8221;3.22&#8243; global_colors_info=&#8221;{}&#8221;][et_pb_row admin_label=&#8221;row&#8221; _builder_version=&#8221;3.25&#8243; background_size=&#8221;initial&#8221; background_position=&#8221;top_left&#8221; background_repeat=&#8221;repeat&#8221; global_colors_info=&#8221;{}&#8221;][et_pb_column type=&#8221;4_4&#8243; _builder_version=&#8221;3.25&#8243; custom_padding=&#8221;|||&#8221; global_colors_info=&#8221;{}&#8221; custom_padding__hover=&#8221;|||&#8221;][et_pb_text admin_label=&#8221;Text&#8221; _builder_version=&#8221;4.10.8&#8243; background_size=&#8221;initial&#8221; background_position=&#8221;top_left&#8221; background_repeat=&#8221;repeat&#8221; hover_enabled=&#8221;0&#8243; global_colors_info=&#8221;{}&#8221; sticky_enabled=&#8221;0&#8243;]<\/p>\n<p style=\"text-align: center;\"><span class=\"JsGRdQ\"><strong>Le Centre Hippique Mancy<\/strong> <\/span><\/p>\n<ul>\n<li><span class=\"JsGRdQ\">Centre \u00e9questre, \u00e9quitation sportive (coaching en concours) et \u00e9quitation de loisir.<\/span><span class=\"JsGRdQ\"><\/span><\/li>\n<li class=\"_04xlpA direction-ltr align-center para-style-body\"><span class=\"JsGRdQ\">\u00c9levage de chevaux et poneys de sport, d\u00e9bourrage, valorisation des jeunes chevaux, centre d&#8217;ins\u00e9mination et station de monte.<\/span><\/li>\n<li class=\"_04xlpA direction-ltr align-center para-style-body\"><span class=\"JsGRdQ\">Formations aux m\u00e9tiers du cheval<\/span><\/li>\n<\/ul>\n<p><strong>10 salari\u00e9s, 125 hectares en prairie naturelles et<br \/>200 chevaux au service de tous.<\/strong><\/p>\n<p style=\"text-align: center;\"><strong>\u00a0\u00a0<\/strong><\/p>\n<p style=\"text-align: center;\"><strong>Equilons est soutenu par :<\/strong><\/p>\n<p><img loading=\"lazy\" decoding=\"async\" class=\"wp-image-1773 size-medium aligncenter\" src=\"http:\/\/www.equilons.fr\/wp-content\/uploads\/2022\/11\/Logo-Mancy-transparent-Couleur-300x145.png\" alt=\"\" width=\"300\" height=\"145\" srcset=\"http:\/\/www.equilons.fr\/wp-content\/uploads\/2022\/11\/Logo-Mancy-transparent-Couleur-300x145.png 300w, http:\/\/www.equilons.fr\/wp-content\/uploads\/2022\/11\/Logo-Mancy-transparent-Couleur.png 397w\" sizes=\"auto, (max-width: 300px) 100vw, 300px\" \/>\u00a0\u00a0\u00a0\u00a0\u00a0\u00a0<\/p>\n<p>[\/et_pb_text][\/et_pb_column][\/et_pb_row][et_pb_row _builder_version=&#8221;4.10.8&#8243; _module_preset=&#8221;default&#8221; global_colors_info=&#8221;{}&#8221;][et_pb_column type=&#8221;4_4&#8243; _builder_version=&#8221;4.10.8&#8243; _module_preset=&#8221;default&#8221; global_colors_info=&#8221;{}&#8221;][et_pb_gallery gallery_ids=&#8221;1764,1783,1797,1798,1799&#8243; show_title_and_caption=&#8221;off&#8221; _builder_version=&#8221;4.10.8&#8243; _module_preset=&#8221;default&#8221; global_colors_info=&#8221;{}&#8221;][\/et_pb_gallery][\/et_pb_column][\/et_pb_row][\/et_pb_section]<\/p>\n","protected":false},"excerpt":{"rendered":"<p>Le Centre Hippique Mancy Centre \u00e9questre, \u00e9quitation sportive (coaching en concours) et \u00e9quitation de loisir. \u00c9levage de chevaux et poneys de sport, d\u00e9bourrage, valorisation des jeunes chevaux, centre d&#8217;ins\u00e9mination et station de monte. Formations aux m\u00e9tiers du cheval 10 salari\u00e9s, 125 hectares en prairie naturelles et200 chevaux au service de tous. \u00a0\u00a0 Equilons est soutenu [&hellip;]<\/p>\n","protected":false},"author":1,"featured_media":0,"parent":0,"menu_order":0,"comment_status":"closed","ping_status":"open","template":"","meta":{"_et_pb_use_builder":"on","_et_pb_old_content":"<p style=\"text-align: left;\"><\/p>\n\n<ul>\n \t<li class=\"_04xlpA direction-ltr align-center para-style-body\"><span class=\"JsGRdQ\">Centre hippique, \u00e9quitation sportive (coaching en concours) et \u00e9quitation de loisir.<\/span><\/li>\n \t<li class=\"_04xlpA direction-ltr align-center para-style-body\"><span class=\"JsGRdQ\">\u00c9levage de chevaux et poneys de sport, d\u00e9bourrage, valorisation des jeunes chevaux, centre d'ins\u00e9mination et station de monte.<\/span><\/li>\n \t<li class=\"_04xlpA direction-ltr align-center para-style-body\"><span class=\"JsGRdQ\">Formations aux m\u00e9tiers du cheval<\/span><\/li>\n<\/ul>\n<strong>10 salari\u00e9s, 125 hectares en prairie naturelles et\n200 chevaux au service de tous.<\/strong>\n<p style=\"text-align: center;\"><strong>\u00a0\u00a0Le Centre Hippique de Mancy<\/strong><\/p>\n\n\n[caption id=\"attachment_127\" align=\"aligncenter\" width=\"300\"]<img class=\"wp-image-127 size-medium\" style=\"line-height: 1.5em;\" src=\"http:\/\/www.equilons.fr\/wp-content\/uploads\/2014\/01\/IMG_6304-300x200.jpg\" alt=\"IMG_6304\" width=\"300\" height=\"200\" \/> Une vue d'une partie des \u00e9curies[\/caption]\n\n[caption id=\"attachment_128\" align=\"aligncenter\" width=\"300\"]<a href=\"http:\/\/www.equilons.fr\/wp-content\/uploads\/2014\/01\/P1000072.jpg\"><img class=\"wp-image-128 size-medium\" src=\"http:\/\/www.equilons.fr\/wp-content\/uploads\/2014\/01\/P1000072-300x225.jpg\" alt=\"P1000072\" width=\"300\" height=\"225\" \/><\/a> Le man\u00e8ge[\/caption]\n\n[caption id=\"attachment_453\" align=\"aligncenter\" width=\"300\"]<a href=\"http:\/\/www.equilons.fr\/wp-content\/uploads\/2015\/01\/10407340_10204517894461818_3222393839664666497_n1.jpg\"><img class=\"wp-image-453 size-medium\" src=\"http:\/\/www.equilons.fr\/wp-content\/uploads\/2015\/01\/10407340_10204517894461818_3222393839664666497_n1-300x194.jpg\" alt=\"10407340_10204517894461818_3222393839664666497_n[1]\" width=\"300\" height=\"194\" \/><\/a> La carri\u00e8re[\/caption]\n<p style=\"text-align: center;\"><span style=\"line-height: 1.5em;\">\u00a0 \u00a0 \u00a0 \u00a0 \u00a0 \u00a0 \u00a0 \u00a0 \u00a0 \u00a0\u00a0\u00a0\u00a0\u00a0\u00a0\u00a0\u00a0\u00a0\u00a0\u00a0\u00a0\u00a0\u00a0\u00a0\u00a0\u00a0\u00a0<\/span><span style=\"line-height: 1.5em;\">\u00a0\u00a0<\/span><\/p>\n<p style=\"text-align: center;\"><strong>\u00a0 \u00a0 \u00a0 \u00a0 \u00a0 \u00a0 \u00a0 \u00a0 \u00a0 \u00a0 \u00a0 \u00a0 \u00a0 \u00a0L\u2019\u00e9v\u00e9nement est soutenu par :<\/strong><\/p>\n<img class=\"wp-image-1773 size-medium aligncenter\" src=\"http:\/\/www.equilons.fr\/wp-content\/uploads\/2022\/11\/Logo-Mancy-transparent-Couleur-300x145.png\" alt=\"\" width=\"300\" height=\"145\" \/>\u00a0\u00a0\u00a0\u00a0\u00a0 <img class=\"aligncenter  wp-image-335\" src=\"http:\/\/www.equilons.fr\/wp-content\/uploads\/2014\/07\/equirodi-300x90.jpg\" alt=\"equirodi\" width=\"253\" height=\"76\" \/>","_et_gb_content_width":"","jetpack_post_was_ever_published":false,"footnotes":""},"class_list":["post-143","page","type-page","status-publish","hentry"],"jetpack_sharing_enabled":true,"jetpack_shortlink":"https:\/\/wp.me\/P5jhwa-2j","_links":{"self":[{"href":"http:\/\/www.equilons.fr\/index.php?rest_route=\/wp\/v2\/pages\/143","targetHints":{"allow":["GET"]}}],"collection":[{"href":"http:\/\/www.equilons.fr\/index.php?rest_route=\/wp\/v2\/pages"}],"about":[{"href":"http:\/\/www.equilons.fr\/index.php?rest_route=\/wp\/v2\/types\/page"}],"author":[{"embeddable":true,"href":"http:\/\/www.equilons.fr\/index.php?rest_route=\/wp\/v2\/users\/1"}],"replies":[{"embeddable":true,"href":"http:\/\/www.equilons.fr\/index.php?rest_route=%2Fwp%2Fv2%2Fcomments&post=143"}],"version-history":[{"count":33,"href":"http:\/\/www.equilons.fr\/index.php?rest_route=\/wp\/v2\/pages\/143\/revisions"}],"predecessor-version":[{"id":1838,"href":"http:\/\/www.equilons.fr\/index.php?rest_route=\/wp\/v2\/pages\/143\/revisions\/1838"}],"wp:attachment":[{"href":"http:\/\/www.equilons.fr\/index.php?rest_route=%2Fwp%2Fv2%2Fmedia&parent=143"}],"curies":[{"name":"wp","href":"https:\/\/api.w.org\/{rel}","templated":true}]}}