{"id":704,"date":"2016-01-29T08:38:27","date_gmt":"2016-01-29T07:38:27","guid":{"rendered":"http:\/\/www.equilons.fr\/?page_id=704"},"modified":"2022-11-23T11:33:07","modified_gmt":"2022-11-23T10:33:07","slug":"704-2","status":"publish","type":"page","link":"http:\/\/www.equilons.fr\/?page_id=704","title":{"rendered":"Formulaire d&#8217;inscription"},"content":{"rendered":"<p>[et_pb_section fb_built=&#8221;1&#8243; _builder_version=&#8221;3.22&#8243; custom_padding=&#8221;0px|0px|0px|0px&#8221; global_colors_info=&#8221;{}&#8221;][et_pb_row _builder_version=&#8221;4.10.8&#8243; _module_preset=&#8221;default&#8221; background_image=&#8221;http:\/\/www.equilons.fr\/wp-content\/uploads\/2022\/11\/E-Q-U-I-L-O-N-S-1_page-0001-scaled.jpg&#8221; global_colors_info=&#8221;{}&#8221;][et_pb_column type=&#8221;4_4&#8243; _builder_version=&#8221;4.6.5&#8243; _module_preset=&#8221;default&#8221; global_colors_info=&#8221;{}&#8221;][\/et_pb_column][\/et_pb_row][et_pb_row _builder_version=&#8221;4.10.8&#8243; _module_preset=&#8221;default&#8221; global_colors_info=&#8221;{}&#8221;][et_pb_column type=&#8221;4_4&#8243; _builder_version=&#8221;4.10.8&#8243; _module_preset=&#8221;default&#8221; global_colors_info=&#8221;{}&#8221;][et_pb_text _builder_version=&#8221;4.10.8&#8243; _module_preset=&#8221;default&#8221; text_text_color=&#8221;#000000&#8243; text_font_size=&#8221;18px&#8221; global_colors_info=&#8221;{}&#8221;]<\/p>\n<p style=\"text-align: center;\"><strong>Equilons c&#8217;est termin\u00e9 pour cette ann\u00e9e ! Un grand merci \u00e0 tous les participants, b\u00e9n\u00e9voles, visiteurs et partenaires qui avez fait la r\u00e9ussite de cette \u00e9dition, rendez-vous l&#8217;ann\u00e9e prochaine !<\/strong><strong><\/strong><\/p>\n<p style=\"text-align: center;\">\n<p>[\/et_pb_text][\/et_pb_column][\/et_pb_row][et_pb_row _builder_version=&#8221;4.10.8&#8243; _module_preset=&#8221;default&#8221; global_colors_info=&#8221;{}&#8221;][et_pb_column type=&#8221;4_4&#8243; _builder_version=&#8221;4.10.8&#8243; _module_preset=&#8221;default&#8221; global_colors_info=&#8221;{}&#8221;][et_pb_text _builder_version=&#8221;4.10.8&#8243; _module_preset=&#8221;default&#8221; text_font_size=&#8221;20px&#8221; global_colors_info=&#8221;{}&#8221;]<\/p>\n<p style=\"text-align: center;\"><a href=\"http:\/\/www.equilons.fr\/wp-content\/uploads\/2022\/11\/Catalogue-Equilons-2022-web.pdf\" rel=\"attachment wp-att-1847\">Catalogue Equilons 2022 web<\/a><\/p>\n<p style=\"text-align: center;\"><strong>Retrouvez d\u00e8s maintenant le catalogue des chevaux \u00e0 la vente !<\/strong><\/p>\n<p>[\/et_pb_text][\/et_pb_column][\/et_pb_row][\/et_pb_section][et_pb_section fb_built=&#8221;1&#8243; admin_label=&#8221;section&#8221; _builder_version=&#8221;3.22&#8243; custom_padding=&#8221;0px|0px|54px|0px&#8221; global_colors_info=&#8221;{}&#8221;][et_pb_row column_structure=&#8221;1_2,1_2&#8243; _builder_version=&#8221;3.25&#8243; background_size=&#8221;initial&#8221; background_position=&#8221;top_left&#8221; background_repeat=&#8221;repeat&#8221; custom_padding=&#8221;27px|0px|0px|0px&#8221; global_colors_info=&#8221;{}&#8221;][et_pb_column type=&#8221;1_2&#8243; _builder_version=&#8221;3.25&#8243; custom_padding=&#8221;|||&#8221; global_colors_info=&#8221;{}&#8221; custom_padding__hover=&#8221;|||&#8221;][et_pb_text disabled_on=&#8221;on|on|on&#8221; admin_label=&#8221;Engagement, Services propos\u00e9s&#8221; _builder_version=&#8221;3.27.4&#8243; disabled=&#8221;on&#8221; global_colors_info=&#8221;{}&#8221;]<\/p>\n<div><strong>Engagement d&#8217;un \u00e9quid\u00e9 \u00e0 Equilons 2022 :\u00a0<\/strong><\/div>\n<div><\/div>\n<ul>\n<li>Pour un \u00e9quid\u00e9 affich\u00e9 \u00e0 1000 \u20ac ou moins : 20 \u20ac<\/li>\n<li>Pour un \u00e9quid\u00e9 affich\u00e9 au prix de plus de 1000 \u20ac et jusqu&#8217;\u00e0 de 4999 \u20ac\u00a0 : 30 \u20ac<\/li>\n<li>Pour un \u00e9quid\u00e9 affich\u00e9 au prix de 5000 \u20ac et jusqu&#8217;\u00e0 moins de 9999 \u20ac\u00a0 : 40 \u20ac<\/li>\n<li>Pour un \u00e9quid\u00e9 \u00e0 10000 \u20ac ou plus : 50 \u20ac<\/li>\n<\/ul>\n<div>\u00a0<big><strong>Services propos\u00e9s :<\/strong><\/big><\/div>\n<div><\/div>\n<div>Box (dans la limite des 40 places disponibles) : 20 \u20ac<\/div>\n<ul>\n<li>Toilettage : 10 \u20ac<\/li>\n<li>Repas : 12 \u20ac<\/li>\n<\/ul>\n<p><strong>Poneys<\/strong>\u00a0: poneys de toutes tailles pour le loisir et le club pr\u00e9sentation sur le plat suivi de quelques sauts<\/p>\n<p><strong>Chevaux loisir\u00a0\/ club -1m<\/strong>\u00a0: pr\u00e9sentation mont\u00e9e sur le plat avec ou sans saut de quelques obstacles<\/p>\n<p><strong>Jeunes chevaux ou inexp\u00e9riment\u00e9s<\/strong>\u00a0: Pr\u00e9sentation sur le plat avec des sauts encadr\u00e9s ou sur la piste<\/p>\n<p><strong>Chevaux de sport 1m 115 poneys de sport<\/strong>\u00a0: chevaux de sport pr\u00e9sentation mont\u00e9e, sur le plat et \u00e0 l\u2019obstacle<\/p>\n<p><strong>Chevaux + 115<\/strong>\u00a0: chevaux de sport pr\u00e9sentation mont\u00e9e sur le plat et \u00e0 l\u2019obstacle cotes 115 et plus<\/p>\n<p><span style=\"font-size: 14px;\">Si vous avez besoin de renseignements compl\u00e9mentaires,<\/span><\/p>\n<p>contactez nous sur <em>equilons@lons-mancy.fr<\/em> <strong>ou<\/strong> au 06 25 33 19 66<\/p>\n<p>Si vous souhaitez des informations concernant le vide-sellerie,<\/p>\n<p>contactez le 07 85 86 19 11<\/p>\n<p><a title=\"Programme-services\" href=\"http:\/\/www.equilons.fr\/?page_id=51\">Pour conna\u00eetre le programme et les services propos\u00e9s<\/a><\/p>\n<p><a title=\"Documents\" href=\"http:\/\/www.equilons.fr\/?page_id=191\">Pour t\u00e9l\u00e9charger les diff\u00e9rents documents li\u00e9s \u00e0 la vente<\/a>[\/et_pb_text][et_pb_gallery gallery_ids=&#8221;1387,1828,1829,1830,1831,1836,1834,1827&#8243; gallery_captions=&#8221;,,,,,&#8221; fullwidth=&#8221;on&#8221; admin_label=&#8221;Partenaire&#8221; _builder_version=&#8221;4.10.8&#8243; animation_style=&#8221;fade&#8221; auto=&#8221;on&#8221; pagination_font_size_tablet=&#8221;51&#8243; pagination_line_height_tablet=&#8221;2&#8243; global_colors_info=&#8221;{}&#8221;][\/et_pb_gallery][\/et_pb_column][et_pb_column type=&#8221;1_2&#8243; _builder_version=&#8221;3.25&#8243; custom_padding=&#8221;|||&#8221; global_colors_info=&#8221;{}&#8221; custom_padding__hover=&#8221;|||&#8221;][et_pb_text disabled_on=&#8221;on|on|on&#8221; _builder_version=&#8221;4.10.8&#8243; disabled=&#8221;on&#8221; global_colors_info=&#8221;{}&#8221;]<\/p>\n<h3><strong>Ouverture des inscriptions le 17 octobre 2022<\/strong><\/h3>\n<p>[\/et_pb_text][et_pb_text disabled_on=&#8221;on|on|on&#8221; _builder_version=&#8221;4.10.8&#8243; _module_preset=&#8221;default&#8221; disabled=&#8221;on&#8221; global_colors_info=&#8221;{}&#8221;]Vente amiable de chevaux et de poneys de sport et loisir<br \/>\n<em><strong>Dimanche 20 novembre 2022<\/strong><\/em><br \/>\nCentre Hippique Lons-le-Saunier\/Mancy<\/p>\n<p><strong>Remplir une fiche par \u00e9quid\u00e9<\/strong><\/p>\n\n<div class=\"wpcf7 no-js\" id=\"wpcf7-f706-o1\" lang=\"fr-FR\" dir=\"ltr\" data-wpcf7-id=\"706\">\n<div class=\"screen-reader-response\"><p role=\"status\" aria-live=\"polite\" aria-atomic=\"true\"><\/p> <ul><\/ul><\/div>\n<form action=\"\/index.php?rest_route=%2Fwp%2Fv2%2Fpages%2F704#wpcf7-f706-o1\" method=\"post\" class=\"wpcf7-form init\" aria-label=\"Formulaire de contact\" enctype=\"multipart\/form-data\" novalidate=\"novalidate\" data-status=\"init\">\n<fieldset class=\"hidden-fields-container\"><input type=\"hidden\" name=\"_wpcf7\" value=\"706\" \/><input type=\"hidden\" name=\"_wpcf7_version\" value=\"6.1.5\" \/><input type=\"hidden\" name=\"_wpcf7_locale\" value=\"fr_FR\" \/><input type=\"hidden\" name=\"_wpcf7_unit_tag\" value=\"wpcf7-f706-o1\" \/><input type=\"hidden\" name=\"_wpcf7_container_post\" value=\"0\" \/><input type=\"hidden\" name=\"_wpcf7_posted_data_hash\" value=\"\" \/>\n<\/fieldset>\n<p><br \/>\nNom de l'\u00e9quid\u00e9 :<br \/>\n<span class=\"wpcf7-form-control-wrap\" data-name=\"nom_equide\"><input size=\"40\" maxlength=\"400\" class=\"wpcf7-form-control wpcf7-text wpcf7-validates-as-required\" aria-required=\"true\" aria-invalid=\"false\" value=\"\" type=\"text\" name=\"nom_equide\" \/><\/span>\n<\/p>\n<p>Origine (P\u00e8re) :<br \/>\n<span class=\"wpcf7-form-control-wrap\" data-name=\"origine_pere\"><input size=\"40\" maxlength=\"400\" class=\"wpcf7-form-control wpcf7-text wpcf7-validates-as-required\" aria-required=\"true\" aria-invalid=\"false\" value=\"\" type=\"text\" name=\"origine_pere\" \/><\/span>\n<\/p>\n<p>Origine (M\u00e8re) :<br \/>\n<span class=\"wpcf7-form-control-wrap\" data-name=\"origine_mere\"><input size=\"40\" maxlength=\"400\" class=\"wpcf7-form-control wpcf7-text wpcf7-validates-as-required\" aria-required=\"true\" aria-invalid=\"false\" value=\"\" type=\"text\" name=\"origine_mere\" \/><\/span>\n<\/p>\n<p>Origine (P\u00e8re de m\u00e8re) :<br \/>\n<span class=\"wpcf7-form-control-wrap\" data-name=\"origine_peremere\"><input size=\"40\" maxlength=\"400\" class=\"wpcf7-form-control wpcf7-text\" aria-invalid=\"false\" value=\"\" type=\"text\" name=\"origine_peremere\" \/><\/span>\n<\/p>\n<p>Sexe de l'\u00e9quid\u00e9 :<br \/>\n<span class=\"wpcf7-form-control-wrap\" data-name=\"sexe\"><select class=\"wpcf7-form-control wpcf7-select wpcf7-validates-as-required\" aria-required=\"true\" aria-invalid=\"false\" name=\"sexe\"><option value=\"\">&#8212;Veuillez choisir une option&#8212;<\/option><option value=\"Femelle\">Femelle<\/option><option value=\"Hongre\">Hongre<\/option><option value=\"M\u00e2le\">M\u00e2le<\/option><\/select><\/span>\n<\/p>\n<p>Type d'\u00e9quip\u00e9 :<br \/>\n<span class=\"wpcf7-form-control-wrap\" data-name=\"type\"><select class=\"wpcf7-form-control wpcf7-select wpcf7-validates-as-required\" aria-required=\"true\" aria-invalid=\"false\" name=\"type\"><option value=\"\">&#8212;Veuillez choisir une option&#8212;<\/option><option value=\"Cheval de selle\">Cheval de selle<\/option><option value=\"Cheval de trait\">Cheval de trait<\/option><option value=\"Poney\">Poney<\/option><\/select><\/span>\n<\/p>\n<p>Age de l'\u00e9quid\u00e9 :<br \/>\n<span class=\"wpcf7-form-control-wrap\" data-name=\"age\"><input size=\"40\" maxlength=\"400\" class=\"wpcf7-form-control wpcf7-text wpcf7-validates-as-required\" aria-required=\"true\" aria-invalid=\"false\" value=\"\" type=\"text\" name=\"age\" \/><\/span>\n<\/p>\n<p>Race :<br \/>\n<span class=\"wpcf7-form-control-wrap\" data-name=\"race\"><select class=\"wpcf7-form-control wpcf7-select wpcf7-validates-as-required\" aria-required=\"true\" aria-invalid=\"false\" name=\"race\"><option value=\"\">&#8212;Veuillez choisir une option&#8212;<\/option><option value=\"SELLE FRANCAIS\">SELLE FRANCAIS<\/option><option value=\"LUSITANIEN\">LUSITANIEN<\/option><option value=\"PUR SANG\">PUR SANG<\/option><option value=\"PONEY FRANCAIS DE SELLE\">PONEY FRANCAIS DE SELLE<\/option><option value=\"COMTOIS\">COMTOIS<\/option><option value=\"WELSH\">WELSH<\/option><option value=\"KWPN\">KWPN<\/option><option value=\"SHETLAND\">SHETLAND<\/option><option value=\"CONNEMARA\">CONNEMARA<\/option><option value=\"PUR SANG ARABE\">PUR SANG ARABE<\/option><option value=\"ANGLO ARABE\">ANGLO ARABE<\/option><option value=\"TROTTEUR\">TROTTEUR<\/option><option value=\"FRANCHE MONTAGNE\">FRANCHE MONTAGNE<\/option><option value=\"OC\">OC<\/option><option value=\"ONC\">ONC<\/option><option value=\"-\">-<\/option><option value=\"AUTRE\">AUTRE<\/option><\/select><\/span>\n<\/p>\n<p>Taille (cm) :<br \/>\n<span class=\"wpcf7-form-control-wrap\" data-name=\"taille\"><input size=\"40\" maxlength=\"400\" class=\"wpcf7-form-control wpcf7-text wpcf7-validates-as-required\" aria-required=\"true\" aria-invalid=\"false\" value=\"\" type=\"text\" name=\"taille\" \/><\/span>\n<\/p>\n<p>Pr\u00e9sentation :<br \/>\n<span class=\"wpcf7-form-control-wrap\" data-name=\"presentation\"><select class=\"wpcf7-form-control wpcf7-select wpcf7-validates-as-required\" aria-required=\"true\" aria-invalid=\"false\" name=\"presentation\"><option value=\"\">&#8212;Veuillez choisir une option&#8212;<\/option><option value=\"Poney\">Poney<\/option><option value=\"cheval loisir\/club moins d&#039;un m\u00e8tre\">cheval loisir\/club moins d&#039;un m\u00e8tre<\/option><option value=\"jeune cheval ou inexp\u00e9riment\u00e9\">jeune cheval ou inexp\u00e9riment\u00e9<\/option><option value=\"poney de sport ou cheval de sport moins 1,15 m\">poney de sport ou cheval de sport moins 1,15 m<\/option><option value=\"cheval plus de 1,15 m\">cheval plus de 1,15 m<\/option><\/select><\/span>\n<\/p>\n<p>Prestation(s) souhait\u00e9e(s):<br \/>\n<span class=\"wpcf7-form-control-wrap\" data-name=\"presentation_souhaitee\"><span class=\"wpcf7-form-control wpcf7-checkbox\"><span class=\"wpcf7-list-item first\"><span class=\"wpcf7-list-item-label\">Toilettage<\/span><input type=\"checkbox\" name=\"presentation_souhaitee[]\" value=\"Toilettage\" \/><\/span><span class=\"wpcf7-list-item last\"><span class=\"wpcf7-list-item-label\">Box<\/span><input type=\"checkbox\" name=\"presentation_souhaitee[]\" value=\"Box\" \/><\/span><\/span><\/span>\n<\/p>\n<p>Aptitudes :<br \/>\n<span class=\"wpcf7-form-control-wrap\" data-name=\"presentation_souhaitee\"><span class=\"wpcf7-form-control wpcf7-checkbox\"><span class=\"wpcf7-list-item first\"><span class=\"wpcf7-list-item-label\">Dressage<\/span><input type=\"checkbox\" name=\"presentation_souhaitee[]\" value=\"Dressage\" \/><\/span><span class=\"wpcf7-list-item\"><span class=\"wpcf7-list-item-label\">Saut d&#039;obstacle<\/span><input type=\"checkbox\" name=\"presentation_souhaitee[]\" value=\"Saut d&#039;obstacle\" \/><\/span><span class=\"wpcf7-list-item\"><span class=\"wpcf7-list-item-label\">Concours complet<\/span><input type=\"checkbox\" name=\"presentation_souhaitee[]\" value=\"Concours complet\" \/><\/span><span class=\"wpcf7-list-item\"><span class=\"wpcf7-list-item-label\">Balade<\/span><input type=\"checkbox\" name=\"presentation_souhaitee[]\" value=\"Balade\" \/><\/span><span class=\"wpcf7-list-item\"><span class=\"wpcf7-list-item-label\">Attelage<\/span><input type=\"checkbox\" name=\"presentation_souhaitee[]\" value=\"Attelage\" \/><\/span><span class=\"wpcf7-list-item\"><span class=\"wpcf7-list-item-label\">Pony-games<\/span><input type=\"checkbox\" name=\"presentation_souhaitee[]\" value=\"Pony-games\" \/><\/span><span class=\"wpcf7-list-item last\"><span class=\"wpcf7-list-item-label\">Loisir<\/span><input type=\"checkbox\" name=\"presentation_souhaitee[]\" value=\"Loisir\" \/><\/span><\/span><\/span>\n<\/p>\n<p>Performances:<br \/>\n<span class=\"wpcf7-form-control-wrap\" data-name=\"performances\"><select class=\"wpcf7-form-control wpcf7-select\" aria-invalid=\"false\" name=\"performances\"><option value=\"\">&#8212;Veuillez choisir une option&#8212;<\/option><option value=\"Loisir\">Loisir<\/option><option value=\"Club\">Club<\/option><option value=\"Amateur\">Amateur<\/option><option value=\"Professionnel\">Professionnel<\/option><\/select><\/span>\n<\/p>\n<p>Courte pr\u00e9sentation du cheval :<br \/>\n<span class=\"wpcf7-form-control-wrap\" data-name=\"cheval_description\"><input size=\"40\" maxlength=\"400\" class=\"wpcf7-form-control wpcf7-text wpcf7-validates-as-required\" aria-required=\"true\" aria-invalid=\"false\" value=\"\" type=\"text\" name=\"cheval_description\" \/><\/span>\n<\/p>\n<p>Prix propos\u00e9 par le vendeur (TTC) :<br \/>\n<span class=\"wpcf7-form-control-wrap\" data-name=\"prix\"><input size=\"40\" maxlength=\"400\" class=\"wpcf7-form-control wpcf7-text wpcf7-validates-as-required\" aria-required=\"true\" aria-invalid=\"false\" value=\"\" type=\"text\" name=\"prix\" \/><\/span>\n<\/p>\n<p>Cheval assujetti \u00e0 la TVA :<br \/>\n<span class=\"wpcf7-form-control-wrap\" data-name=\"tva\"><span class=\"wpcf7-form-control wpcf7-radio\"><span class=\"wpcf7-list-item first\"><span class=\"wpcf7-list-item-label\">TVA r\u00e9cup\u00e9rable<\/span><input type=\"radio\" name=\"tva\" value=\"TVA r\u00e9cup\u00e9rable\" \/><\/span><span class=\"wpcf7-list-item last\"><span class=\"wpcf7-list-item-label\">TVA non-r\u00e9cup\u00e9rable<\/span><input type=\"radio\" name=\"tva\" value=\"TVA non-r\u00e9cup\u00e9rable\" \/><\/span><\/span><\/span>\n<\/p>\n<p>Nom du propri\u00e9taire :<br \/>\n<span class=\"wpcf7-form-control-wrap\" data-name=\"nom_proprio\"><input size=\"40\" maxlength=\"400\" class=\"wpcf7-form-control wpcf7-text wpcf7-validates-as-required\" aria-required=\"true\" aria-invalid=\"false\" value=\"\" type=\"text\" name=\"nom_proprio\" \/><\/span>\n<\/p>\n<p>Pr\u00e9nom du propri\u00e9taire :<br \/>\n<span class=\"wpcf7-form-control-wrap\" data-name=\"prenom_proprio\"><input size=\"40\" maxlength=\"400\" class=\"wpcf7-form-control wpcf7-text wpcf7-validates-as-required\" aria-required=\"true\" aria-invalid=\"false\" value=\"\" type=\"text\" name=\"prenom_proprio\" \/><\/span>\n<\/p>\n<p>Nom de l'\u00e9levage :<br \/>\n<span class=\"wpcf7-form-control-wrap\" data-name=\"nom_elevage\"><input size=\"40\" maxlength=\"400\" class=\"wpcf7-form-control wpcf7-text wpcf7-validates-as-required\" aria-required=\"true\" aria-invalid=\"false\" value=\"\" type=\"text\" name=\"nom_elevage\" \/><\/span>\n<\/p>\n<p>T\u00e9l\u00e9phone :<br \/>\n<span class=\"wpcf7-form-control-wrap\" data-name=\"tel\"><input size=\"40\" maxlength=\"400\" class=\"wpcf7-form-control wpcf7-text wpcf7-validates-as-required\" aria-required=\"true\" aria-invalid=\"false\" value=\"\" type=\"text\" name=\"tel\" \/><\/span>\n<\/p>\n<p>Adresse e-mail :<br \/>\n<span class=\"wpcf7-form-control-wrap\" data-name=\"your-email\"><input size=\"40\" maxlength=\"400\" class=\"wpcf7-form-control wpcf7-email wpcf7-validates-as-required wpcf7-text wpcf7-validates-as-email\" aria-required=\"true\" aria-invalid=\"false\" value=\"\" type=\"email\" name=\"your-email\" \/><\/span>\n<\/p>\n<p>Adresse :<br \/>\n<span class=\"wpcf7-form-control-wrap\" data-name=\"adresse\"><input size=\"40\" maxlength=\"400\" class=\"wpcf7-form-control wpcf7-text wpcf7-validates-as-required\" aria-required=\"true\" aria-invalid=\"false\" value=\"\" type=\"text\" name=\"adresse\" \/><\/span>\n<\/p>\n<p>Code postal :<br \/>\n<span class=\"wpcf7-form-control-wrap\" data-name=\"code_postal\"><input size=\"40\" maxlength=\"400\" class=\"wpcf7-form-control wpcf7-text wpcf7-validates-as-required\" aria-required=\"true\" aria-invalid=\"false\" value=\"\" type=\"text\" name=\"code_postal\" \/><\/span>\n<\/p>\n<p>Ville :<br \/>\n<span class=\"wpcf7-form-control-wrap\" data-name=\"ville\"><input size=\"40\" maxlength=\"400\" class=\"wpcf7-form-control wpcf7-text wpcf7-validates-as-required\" aria-required=\"true\" aria-invalid=\"false\" value=\"\" type=\"text\" name=\"ville\" \/><\/span>\n<\/p>\n<p>Pays :<br \/>\n<span class=\"wpcf7-form-control-wrap\" data-name=\"Pays\"><select class=\"wpcf7-form-control wpcf7-select wpcf7-validates-as-required\" aria-required=\"true\" aria-invalid=\"false\" name=\"Pays\"><option value=\"Allemagne\">Allemagne<\/option><option value=\"Belgique\">Belgique<\/option><option value=\"Espagne\">Espagne<\/option><option value=\"France\">France<\/option><option value=\"Irlande\">Irlande<\/option><option value=\"Italie\">Italie<\/option><option value=\"Portugal\">Portugal<\/option><option value=\"Suisse\">Suisse<\/option><option value=\"Autre\">Autre<\/option><\/select><\/span>\n<\/p>\n<p> Photo du cheval : <span class=\"wpcf7-form-control-wrap\" data-name=\"file-515\"><input size=\"40\" class=\"wpcf7-form-control wpcf7-file\" accept=\".gif,.jpeg,.jpg,.png,.pdf\" aria-invalid=\"false\" type=\"file\" name=\"file-515\" \/><\/span>\n<\/p>\n<p> En fonction de la taille de la photo, la validation de l'inscription peut \u00eatre plus ou moins longue\n<\/p>\n<p> Remarque \u00e9ventuelle\n<\/p>\n<p><span class=\"wpcf7-form-control-wrap\" data-name=\"textarea-747\"><textarea cols=\"40\" rows=\"10\" maxlength=\"2000\" class=\"wpcf7-form-control wpcf7-textarea\" aria-invalid=\"false\" placeholder=\"Tapez ici vos remarques que nous devrons prendre en compte lors de votre accueil sur site\" name=\"textarea-747\"><\/textarea><\/span>\n<\/p>\n<p><input class=\"wpcf7-form-control wpcf7-submit has-spinner\" type=\"submit\" value=\"Envoyer\" \/>\n<\/p><div class=\"wpcf7-response-output\" aria-hidden=\"true\"><\/div>\n<\/form>\n<\/div>\n\n<p>MERCI DE NOUS ENVOYEZ UNE PHOTO DE VOTRE ANIMAL SUR NOTRE ADRESSE MAIL (equilons@lons-mancy.f) AFIN QUE NOUS PUISSIONS R\u00c9ALISER LE CATALOGUE MAIS AUSSI POUR NOUS PERMETTRE DE MIEUX COMMUNIQUER SUR LA VENTE.<br \/>\nRetrouvez nous sur notre site www.equilons.fr et sur facebook EquiLons<\/p>\n<div id=\"wpcf7-f706-o1\" class=\"wpcf7\" dir=\"ltr\" lang=\"fr-FR\" role=\"form\">\n<form class=\"wpcf7-form\" action=\"\/?et_pb_preview=true&amp;et_pb_preview_nonce=2fa1c66fca&amp;iframe_id=et-fb-preview-1538642555862-461#wpcf7-f706-o1\" enctype=\"multipart\/form-data\" method=\"post\" novalidate=\"novalidate\">\n<div class=\"wpcf7-response-output wpcf7-display-none\"><\/div>\n<\/form>\n<\/div>\n<p>[\/et_pb_text][\/et_pb_column][\/et_pb_row][\/et_pb_section]<\/p>\n","protected":false},"excerpt":{"rendered":"<p>Equilons c&#8217;est termin\u00e9 pour cette ann\u00e9e ! Un grand merci \u00e0 tous les participants, b\u00e9n\u00e9voles, visiteurs et partenaires qui avez fait la r\u00e9ussite de cette \u00e9dition, rendez-vous l&#8217;ann\u00e9e prochaine ! Catalogue Equilons 2022 web Retrouvez d\u00e8s maintenant le catalogue des chevaux \u00e0 la vente !Engagement d&#8217;un \u00e9quid\u00e9 \u00e0 Equilons 2022 :\u00a0 Pour un \u00e9quid\u00e9 affich\u00e9 [&hellip;]<\/p>\n","protected":false},"author":1,"featured_media":0,"parent":160,"menu_order":0,"comment_status":"closed","ping_status":"closed","template":"","meta":{"_et_pb_use_builder":"on","_et_pb_old_content":"<strong>EQUILONS<\/strong>\r\n\r\nVente amiable de chevaux et de poneys de sport et loisir\r\n<em><strong>Dimanche 19 novembre 2017<\/strong><\/em>\r\nCentre Hippique Lons-le-Saunier\/Mancy\r\n\r\n<strong>Remplir une fiche par \u00e9quid\u00e9<\/strong>\r\n\r\n[contact-form-7 id=\"706\" title=\"Inscriptions\"]\r\n\r\nMERCI DE NOUS ENVOYEZ UNE PHOTO DE VOTRE ANIMAL SUR NOTRE ADRESSE MAIL (equilons@lons-mancy.f) AFIN QUE NOUS PUISSIONS R\u00c9ALISER LE CATALOGUE MAIS AUSSI POUR NOUS PERMETTRE DE MIEUX COMMUNIQUER SUR LA VENTE.\r\nRetrouvez nous sur notre site www.equilons.fr et sur facebook EquiLons","_et_gb_content_width":"","jetpack_post_was_ever_published":false,"footnotes":""},"class_list":["post-704","page","type-page","status-publish","hentry"],"jetpack_sharing_enabled":true,"jetpack_shortlink":"https:\/\/wp.me\/P5jhwa-bm","_links":{"self":[{"href":"http:\/\/www.equilons.fr\/index.php?rest_route=\/wp\/v2\/pages\/704","targetHints":{"allow":["GET"]}}],"collection":[{"href":"http:\/\/www.equilons.fr\/index.php?rest_route=\/wp\/v2\/pages"}],"about":[{"href":"http:\/\/www.equilons.fr\/index.php?rest_route=\/wp\/v2\/types\/page"}],"author":[{"embeddable":true,"href":"http:\/\/www.equilons.fr\/index.php?rest_route=\/wp\/v2\/users\/1"}],"replies":[{"embeddable":true,"href":"http:\/\/www.equilons.fr\/index.php?rest_route=%2Fwp%2Fv2%2Fcomments&post=704"}],"version-history":[{"count":75,"href":"http:\/\/www.equilons.fr\/index.php?rest_route=\/wp\/v2\/pages\/704\/revisions"}],"predecessor-version":[{"id":1856,"href":"http:\/\/www.equilons.fr\/index.php?rest_route=\/wp\/v2\/pages\/704\/revisions\/1856"}],"up":[{"embeddable":true,"href":"http:\/\/www.equilons.fr\/index.php?rest_route=\/wp\/v2\/pages\/160"}],"wp:attachment":[{"href":"http:\/\/www.equilons.fr\/index.php?rest_route=%2Fwp%2Fv2%2Fmedia&parent=704"}],"curies":[{"name":"wp","href":"https:\/\/api.w.org\/{rel}","templated":true}]}}